{"id":3624,"date":"2020-04-30T06:48:25","date_gmt":"2020-04-30T06:48:25","guid":{"rendered":"https:\/\/schufaprofi.de\/Bestellformular\/?page_id=3624"},"modified":"2026-04-21T11:45:54","modified_gmt":"2026-04-21T11:45:54","slug":"schufaprofi-de-mobil-bestellung","status":"publish","type":"page","link":"https:\/\/schufaprofi.de\/Bestellformular\/schufaprofi-de-mobil-bestellung\/","title":{"rendered":"SCHUFAPROFI.de MOBIL-Bestellung"},"content":{"rendered":"<link rel=\"preconnect\" href=\"https:\/\/fonts.googleapis.com\"><link rel=\"preconnect\" href=\"https:\/\/fonts.gstatic.com\" crossorigin><link href=\"https:\/\/fonts.googleapis.com\/css?family=Roboto\" rel=\"stylesheet\"><style type=\"text\/css\">.super-form:not(.super-initialized,.super-preview-elements) *:not(.super-load-icon) { visibility: hidden !important; }<\/style><div id=\"super-form-10803\" translate=\"no\" style=\"margin:0px 0px 0px 0px;\" class=\"super-form super-form-10803  super-default-rounded super-field-size-large super-save-progress notranslate\" data-hide=\"true\" data-overlay=\"true\" data-field-size=\"large\"><span class=\"super-load-icon\"><\/span><form tabindex=\"0\" autocomplete=\"on\" enctype=\"multipart\/form-data\"><input type=\"hidden\" name=\"sf_nonce\" value=\"\" \/><input type=\"text\" name=\"super_hp\" size=\"25\" value=\"\" \/><div class=\"super-shortcode super-field super-hidden\"><input class=\"super-shortcode-field\" type=\"hidden\" value=\"10803\" name=\"hidden_form_id\" \/><\/div><div data-sfuid=\"nUPMfBkd-1\" class=\"super-shortcode super-field super-heading   super-ungrouped  \"><div class=\"super-heading-title\"><h1><b>Der letzte Schritt...<\/b><\/h1><\/div><div class=\"super-heading-description\" ><div>Sicherheit f\u00fcr Ihre Daten - Dank modernster SSL-Verschl\u00fcsselungstechnologie<\/div><\/div><\/div><div data-sfuid=\"z7haaBB9-2\" class=\"super-shortcode super-multipart super-active \"  data-validate=\"true\"data-step-auto=\"yes\" data-disable-scroll=\"true\" data-disable-scroll-pn=\"true\" data-prev-text=\"Zur\u00fcck\" data-next-text=\"weiter zur Auswahl\" data-icon=\"fas fa-cart-shopping\" data-step-name=\"Erster Schritt\" data-step-description=\"Erster Schritt\"><div class=\"super-grid super-shortcode\"><div data-sfuid=\"Xbg0yvQi-3\" class=\"super-shortcode super_one_third super-column grid-level-0 column-number-1 first-column \"><div data-sfuid=\"xPwwksrB-4\" class=\"super-shortcode super-field super-text super-field-type-text super-has-only-label  super-icon-outside super-icon-left  super-ungrouped  \"><div class=\"super-label super-bottom-margin\">Vorname:<\/div><div class=\"super-field-wrapper \"><i class=\"fas fa-user-check super-icon\"><\/i><input tabindex=\"-1\" class=\"super-shortcode-field\" type=\"text\" name=\"vorname\" data-oname=\"vorname\" data-message=\"Sie haben ihren Vornamen vergessen.\" data-validation=\"empty\" data-email=\"Vorname:\" data-exclude=\"0\" data-absolute-default=\"\" data-default-value=\"\" \/><\/div><div class=\"super-error-msg\">Sie haben ihren Vornamen vergessen.<\/div><div class=\"super-empty-error-msg\">Sie haben ihren Vornamen vergessen.<\/div><\/div><\/div><div data-sfuid=\"4Aq08Bta-5\" class=\"super-shortcode super_one_third super-column grid-level-0 column-number-2  \"><div data-sfuid=\"1GmVh3qt-6\" class=\"super-shortcode super-field super-text super-field-type-text super-has-only-label  super-icon-outside super-icon-left  super-ungrouped  \"><div class=\"super-label super-bottom-margin\">Nachname:<\/div><div class=\"super-field-wrapper \"><i class=\"fas fa-user-check super-icon\"><\/i><input tabindex=\"-1\" class=\"super-shortcode-field\" type=\"text\" name=\"nachname\" data-oname=\"nachname\" data-message=\"Sie haben ihren Nachnamen vergessen.\" data-validation=\"empty\" data-email=\"Nachname:\" data-exclude=\"0\" data-absolute-default=\"\" data-default-value=\"\" \/><\/div><div class=\"super-error-msg\">Sie haben ihren Nachnamen vergessen.<\/div><div class=\"super-empty-error-msg\">Sie haben ihren Nachnamen vergessen.<\/div><\/div><\/div><div data-sfuid=\"6nQxunKQ-7\" class=\"super-shortcode super_one_third super-column grid-level-0 column-number-3  \"><div data-sfuid=\"I2wFyuDY-8\" class=\"super-shortcode super-field super-text super-field-type-text super-has-only-label  super-icon-outside super-icon-left super-tooltip  super-ungrouped  \" title=\"Bitte geben Sie ihr Geburtsdatum ein.\"><div class=\"super-label super-bottom-margin\">Geburtsdatum:<\/div><div class=\"super-field-wrapper \"><i class=\"fas fa-birthday-cake super-icon\"><\/i><input tabindex=\"-1\" class=\"super-shortcode-field\" type=\"text\" name=\"geburtsdatum\" data-oname=\"geburtsdatum\" data-message=\"Bitte geben Sie ihr Geburtsdatum ein.\" data-validation=\"empty\" data-email=\"Geburtsdatum:\" data-exclude=\"0\" data-absolute-default=\"\" data-default-value=\"\" \/><\/div><div class=\"super-error-msg\">Bitte geben Sie ihr Geburtsdatum ein.<\/div><div class=\"super-empty-error-msg\">Bitte geben Sie ihr Geburtsdatum ein.<\/div><\/div><\/div><\/div><div class=\"super-grid super-shortcode\"><div data-sfuid=\"xtbFyPCG-9\" class=\"super-shortcode super_two_third super-column grid-level-0 column-number-1 first-column \"><div data-sfuid=\"tS5UeqRb-10\" class=\"super-shortcode super-field super-text super-field-type-text super-has-only-label  super-icon-outside super-icon-left  super-ungrouped  \"><div class=\"super-label super-bottom-margin\">Stra\u00dfe:<\/div><div class=\"super-field-wrapper \"><i class=\"fas fa-road super-icon\"><\/i><input tabindex=\"-1\" class=\"super-shortcode-field\" type=\"text\" name=\"Strasse\" data-oname=\"Strasse\" data-message=\"Bitte geben Sie Ihre Stra\u00dfe an.\" data-validation=\"empty\" data-email=\"Stra\u00dfe:\" data-exclude=\"0\" data-absolute-default=\"\" data-default-value=\"\" \/><\/div><div class=\"super-error-msg\">Bitte geben Sie Ihre Stra\u00dfe an.<\/div><div class=\"super-empty-error-msg\">Bitte geben Sie Ihre Stra\u00dfe an.<\/div><\/div><\/div><div data-sfuid=\"lo1BAllH-11\" class=\"super-shortcode super_one_third super-column grid-level-0 column-number-2  \"><div data-sfuid=\"JgFjYT3X-12\" class=\"super-shortcode super-field super-text super-field-type-text super-has-only-label  super-icon-outside super-icon-left  super-ungrouped  \"><div class=\"super-label super-bottom-margin\">HausNr:<\/div><div class=\"super-field-wrapper \"><i class=\"fas fa-list-ol super-icon\"><\/i><input tabindex=\"-1\" class=\"super-shortcode-field\" type=\"text\" name=\"HausNr\" data-oname=\"HausNr\" data-message=\"Bitte geben Sie Ihre HausNr an.\" data-validation=\"empty\" data-email=\"HausNr:\" data-exclude=\"0\" data-absolute-default=\"\" data-default-value=\"\" \/><\/div><div class=\"super-error-msg\">Bitte geben Sie Ihre HausNr an.<\/div><div class=\"super-empty-error-msg\">Bitte geben Sie Ihre HausNr an.<\/div><\/div><\/div><\/div><div class=\"super-grid super-shortcode\"><div data-sfuid=\"foYH1xp6-13\" class=\"super-shortcode super_two_third super-column grid-level-0 column-number-1 first-column \"><div data-sfuid=\"cS7ZllsT-14\" class=\"super-shortcode super-field super-text super-field-type-text super-has-only-label  super-icon-outside super-icon-left  super-ungrouped  \"><div class=\"super-label super-bottom-margin\">Wohnort:<\/div><div class=\"super-field-wrapper \"><i class=\"fas fa-home super-icon\"><\/i><input tabindex=\"-1\" class=\"super-shortcode-field\" type=\"text\" name=\"Wohnort\" data-oname=\"Wohnort\" data-message=\"Bitte geben Sie ihr Wohnort an.\" data-validation=\"empty\" data-email=\"Wohnort:\" data-exclude=\"0\" data-absolute-default=\"\" data-default-value=\"\" \/><\/div><div class=\"super-error-msg\">Bitte geben Sie ihr Wohnort an.<\/div><div class=\"super-empty-error-msg\">Bitte geben Sie ihr Wohnort an.<\/div><\/div><\/div><div data-sfuid=\"vARcci2o-15\" class=\"super-shortcode super_one_third super-column grid-level-0 column-number-2  \"><div data-sfuid=\"13Ii2hB9-16\" class=\"super-shortcode super-field super-text super-field-type-number super-has-only-label  super-icon-outside super-icon-left  super-ungrouped  \"><div class=\"super-label super-bottom-margin\">PLZ:<\/div><div class=\"super-field-wrapper \"><i class=\"fas fa-map-marker-alt super-icon\"><\/i><input tabindex=\"-1\" class=\"super-shortcode-field\" type=\"number\"\" step=\"any\" name=\"PLZ\" data-oname=\"PLZ\" data-message=\"Bitte geben Sie ihre Postleitszahl ein.\" data-validation=\"float\" data-email=\"PLZ:\" data-exclude=\"0\" data-absolute-default=\"\" data-default-value=\"\" data-minlength=\"4\" \/><\/div><div class=\"super-error-msg\">Bitte geben Sie ihre Postleitszahl ein.<\/div><div class=\"super-empty-error-msg\">Bitte geben Sie ihre Postleitszahl ein.<\/div><\/div><\/div><\/div><div data-sfuid=\"hPFmkauu-17\" class=\"super-shortcode super-field super-text super-field-type-tel super-has-only-label  super-icon-outside super-icon-left  super-ungrouped  \"><div class=\"super-label super-bottom-margin\">Mobilfunk-Rufnummer:<\/div><div class=\"super-field-wrapper \"><i class=\"fas fa-phone super-icon\"><\/i><input tabindex=\"-1\" class=\"super-shortcode-field\" type=\"tel\" name=\"Mobilfunkrufnummer\" data-oname=\"Mobilfunkrufnummer\" data-message=\"Bitte geben Sie ihre Mobilfunkrufnummer ein.\" data-validation=\"phone\" data-email=\"Mobilfunk-Rufnummer:\" data-exclude=\"0\" data-absolute-default=\"\" data-default-value=\"\" \/><\/div><div class=\"super-error-msg\">Bitte geben Sie ihre Mobilfunkrufnummer ein.<\/div><div class=\"super-empty-error-msg\">Bitte geben Sie ihre Mobilfunkrufnummer ein.<\/div><\/div><div data-sfuid=\"zOMSwJcp-18\" class=\"super-shortcode super-field super-text super-field-type-email super-has-only-label  super-icon-outside super-icon-left super-tooltip  super-ungrouped  \" title=\"*Ihre e-Mail Adresse\"><div class=\"super-label super-bottom-margin\">Email-Adresse:<\/div><div class=\"super-field-wrapper \"><i class=\"far fa-envelope super-icon\"><\/i><input tabindex=\"-1\" class=\"super-shortcode-field\" type=\"email\" name=\"email\" data-oname=\"email\" data-message=\"Bitte geben Sie ihre *Ihre e-Mail Adresse ein.\" data-validation=\"email\" data-email=\"Email-Adresse:\" data-exclude=\"0\" data-absolute-default=\"\" data-default-value=\"\" \/><\/div><div class=\"super-error-msg\">Bitte geben Sie ihre *Ihre e-Mail Adresse ein.<\/div><div class=\"super-empty-error-msg\">Bitte geben Sie ihre *Ihre e-Mail Adresse ein.<\/div><\/div><\/div><div data-sfuid=\"9KMuH6Cd-19\" class=\"super-shortcode super-multipart\" data-step-auto=\"yes\" data-prev-text=\"Zur\u00fcck\" data-next-text=\"Nur noch ein kleiner Schritt...\" data-step-name=\"Nur noch ein kleiner Schritt\" data-step-description=\"Nur noch ein kleiner Schritt\"><div data-sfuid=\"N1WZjH3J-20\" class=\"super-shortcode super-field super-html   super-ungrouped  \"><div class=\"super-html-title\">Bankverbindung<\/div><div class=\"super-html-content super-nl2br\">Selbstverst\u00e4ndlich bedeutet das Erteilen einer Lastschrift keine uneingeschr\u00e4nkte Vollmacht. Sie behalten jederzeit die volle Kontrolle und k\u00f6nnen eine erteilte Lastschrift problemlos und jederzeit widerrufen.<\/div><textarea>Selbstverst\u00e4ndlich bedeutet das Erteilen einer Lastschrift keine uneingeschr\u00e4nkte Vollmacht. Sie behalten jederzeit die volle Kontrolle und k\u00f6nnen eine erteilte Lastschrift problemlos und jederzeit widerrufen.<\/textarea><textarea class=\"super-shortcode-field super-hidden\" name=\"field_yMmzu\" data-oname=\"field_yMmzu\" data-exclude=\"2\" data-exclude-entry=\"true\" data-absolute-default=\"\" >Selbstverst\u00e4ndlich bedeutet das Erteilen einer Lastschrift keine uneingeschr\u00e4nkte Vollmacht. Sie behalten jederzeit die volle Kontrolle und k\u00f6nnen eine erteilte Lastschrift problemlos und jederzeit widerrufen.<\/textarea><div class=\"super-error-msg\">Pflichtfeld!<\/div><div class=\"super-empty-error-msg\">Pflichtfeld!<\/div><\/div><div data-sfuid=\"yeKTKr44-21\" style=\"height:20px;\" class=\"super-shortcode super-field super-spacer   super-ungrouped  \"><\/div><div data-sfuid=\"0ilospZn-22\" class=\"super-shortcode super-field super-text super-field-type-text super-has-label-desc  super-icon-outside super-icon-left  super-ungrouped  \"><div class=\"super-label\">IBAN-Nummer (DE...):<\/div><div class=\"super-description\">Ihre Daten sind bei uns sicher \u2013 dank modernster SSL-Verschl\u00fcsselung.<\/div><div class=\"super-field-wrapper \"><i class=\"fas fa-credit-card super-icon\"><\/i><input tabindex=\"-1\" class=\"super-shortcode-field\" type=\"text\" name=\"IBAN\" data-oname=\"IBAN\" data-message=\"Bitte geben Sie ihre IBAN Nummer ein.\" data-validation=\"empty\" data-email=\"IBAN:\" data-exclude=\"0\" data-absolute-default=\"\" data-default-value=\"\" \/><\/div><div class=\"super-error-msg\">Bitte geben Sie ihre IBAN Nummer ein.<\/div><div class=\"super-empty-error-msg\">Bitte geben Sie ihre IBAN Nummer ein.<\/div><\/div><\/div><div data-sfuid=\"DBhCwA8W-23\" class=\"super-shortcode super-multipart\" data-step-auto=\"no\" data-prev-text=\"Zur\u00fcck\" data-next-text=\"absenden & fertig.\" data-step-name=\"Letzter Schritt: Dokument hochladen \u2013 und Sie sind fertig.\" data-step-description=\"Letzter Schritt: Dokument hochladen \u2013 und Sie sind fertig.\"><div data-sfuid=\"Xpud7tDI-24\" class=\"super-shortcode super-field super-heading   super-ungrouped  \"><div class=\"super-heading-title\"><h4>Upload abschlie\u00dfen und fertig!<\/h4><\/div><\/div><div data-sfuid=\"hMVPYvrx-25\" class=\"super-shortcode super-field super-html   super-ungrouped  \"><div class=\"super-html-content super-nl2br\"><div style=\"line-height: 1.1;\"><br \/>\n  <strong>Allnet Flat 40\u202fGB 5G<\/strong><br><br \/>\n  \u2611 <strong>40\u202fGB LTE\/5G<\/strong> mit bis zu 150\u202fMbit\/s<br><br \/>\n  \u2611 <strong>Flatrate<\/strong> f\u00fcr Telefonie & SMS<br><br \/>\n  \u2611 <strong>EU-Roaming<\/strong> inklusive<br><br \/>\n  \u2611 <strong>eSIM<\/strong> verf\u00fcgbar<br><br \/>\n  \u2611 <strong>VoLTE & WLAN-Call<\/strong> m\u00f6glich<br><br \/>\n  <strong>Monatlich nur: 14,99\u202f\u20ac<\/strong><br><br \/>\n<\/div><br \/>\n<\/div><textarea><div style=\"line-height: 1.1;\"><br \/>\n  <strong>Allnet Flat 40\u202fGB 5G<\/strong><br><br \/>\n  \u2611 <strong>40\u202fGB LTE\/5G<\/strong> mit bis zu 150\u202fMbit\/s<br><br \/>\n  \u2611 <strong>Flatrate<\/strong> f\u00fcr Telefonie & SMS<br><br \/>\n  \u2611 <strong>EU-Roaming<\/strong> inklusive<br><br \/>\n  \u2611 <strong>eSIM<\/strong> verf\u00fcgbar<br><br \/>\n  \u2611 <strong>VoLTE & WLAN-Call<\/strong> m\u00f6glich<br><br \/>\n  <strong>Monatlich nur: 14,99\u202f\u20ac<\/strong><br><br \/>\n<\/div><br \/>\n<\/textarea><textarea class=\"super-shortcode-field super-hidden\" name=\"Daten-was-wieteuer\" data-oname=\"Daten-was-wieteuer\" data-exclude=\"2\" data-exclude-entry=\"true\" data-absolute-default=\"\" ><div style=\"line-height: 1.1;\"><br \/>\n  <strong>Allnet Flat 40\u202fGB 5G<\/strong><br><br \/>\n  \u2611 <strong>40\u202fGB LTE\/5G<\/strong> mit bis zu 150\u202fMbit\/s<br><br \/>\n  \u2611 <strong>Flatrate<\/strong> f\u00fcr Telefonie & SMS<br><br \/>\n  \u2611 <strong>EU-Roaming<\/strong> inklusive<br><br \/>\n  \u2611 <strong>eSIM<\/strong> verf\u00fcgbar<br><br \/>\n  \u2611 <strong>VoLTE & WLAN-Call<\/strong> m\u00f6glich<br><br \/>\n  <strong>Monatlich nur: 14,99\u202f\u20ac<\/strong><br><br \/>\n<\/div><br \/>\n<\/textarea><div class=\"super-error-msg\">Pflichtfeld!<\/div><div class=\"super-empty-error-msg\">Pflichtfeld!<\/div><\/div><div data-sfuid=\"7FPuTFTg-26\" class=\"super-shortcode super-field super-heading   super-ungrouped  \"><div class=\"super-heading-title\"><h3>Warum wir Ihre Ausweisdokumente ben\u00f6tigen<\/h3><\/div><div class=\"super-heading-description\" ><div>Zur Identit\u00e4tsbest\u00e4tigung ben\u00f6tigen wir \u2013 wie alle Telekommunikationsanbieter \u2013 bestimmte gesetzlich vorgeschriebene Dokumente.<\/div><\/div><\/div><div class=\"super-grid super-shortcode\"><div data-sfuid=\"D8EU42r7-27\" class=\"super-shortcode super_one_third super-column grid-level-0 column-number-1 first-column \"><div data-sfuid=\"WzjkAndt-28\" class=\"super-shortcode super-field super-file super-has-label-desc  super-icon-outside super-icon-left  super-ungrouped  \"><div class=\"super-label\">Personalausweis Font<\/div><div class=\"super-description\">Personalausweis Font<\/div><div class=\"super-field-wrapper \"><i class=\"fas fa-address-card super-icon\"><\/i><div class=\"super-fileupload-button\"><i class=\"fas fa-plus\"><\/i><span class=\"super-fileupload-button-text\"> Bitte fotografieren Sie die Vorderseite Ihres Personalausweises.<\/span><\/div><input tabindex=\"-1\" class=\"super-shortcode-field super-fileupload\" type=\"file\" name=\"files[]\"  data-file-size=\"40\" data-upload-limit=\"40\" data-accept-file-types=\"jpg|jpeg|png|gif|pdf|JPG|JPEG|PNG|GIF|PDF\" \/><input class=\"super-active-files\" type=\"hidden\" value=\"\" name=\"persfont\" data-oname=\"persfont\" data-message=\"Das haben Sie vergessen.\" data-email=\"persfont\" data-exclude=\"0\" data-absolute-default=\"\" data-minfiles=\"1\" \/><div class=\"super-progress-bar\"><\/div><div class=\"super-fileupload-files\"><\/div><\/div><div class=\"super-error-msg\">Das haben Sie vergessen.<\/div><div class=\"super-empty-error-msg\">Das haben Sie vergessen.<\/div><\/div><\/div><div data-sfuid=\"Ex3Fu14X-29\" class=\"super-shortcode super_one_third super-column grid-level-0 column-number-2  \"><div data-sfuid=\"YuflBTCc-30\" class=\"super-shortcode super-field super-file super-has-label-desc  super-icon-outside super-icon-left  super-ungrouped  \"><div class=\"super-label\">Personalausweis hinten<\/div><div class=\"super-description\"> Bitte fotografieren Sie die R\u00fcckseite Ihres Personalausweises.<\/div><div class=\"super-field-wrapper \"><i class=\"fas fa-credit-card super-icon\"><\/i><div class=\"super-fileupload-button\"><i class=\"fas fa-plus\"><\/i><span class=\"super-fileupload-button-text\">Personalausweis hinten<\/span><\/div><input tabindex=\"-1\" class=\"super-shortcode-field super-fileupload\" type=\"file\" name=\"files[]\"  data-file-size=\"40\" data-upload-limit=\"40\" data-accept-file-types=\"jpg|jpeg|png|gif|pdf|JPG|JPEG|PNG|GIF|PDF\" \/><input class=\"super-active-files\" type=\"hidden\" value=\"\" name=\"pershinten\" data-oname=\"pershinten\" data-message=\"Das haben Sie vergessen.\" data-email=\"pershinten\" data-exclude=\"0\" data-absolute-default=\"\" data-minfiles=\"1\" \/><div class=\"super-progress-bar\"><\/div><div class=\"super-fileupload-files\"><\/div><\/div><div class=\"super-error-msg\">Das haben Sie vergessen.<\/div><div class=\"super-empty-error-msg\">Das haben Sie vergessen.<\/div><\/div><\/div><div data-sfuid=\"MzHnnFQq-31\" class=\"super-shortcode super_one_third super-column grid-level-0 column-number-3  \"><div data-sfuid=\"qjHOjSsn-32\" class=\"super-shortcode super-field super-file super-has-label-desc  super-icon-outside super-icon-left  super-ungrouped  \"><div class=\"super-label\">Nachweis Ihrer IBAN<\/div><div class=\"super-description\">die IBAN-Seite Ihrer Bankkarte, ein Screenshot aus Ihrem Online-Banking oder ein aktueller Kontoauszug.<\/div><div class=\"super-field-wrapper \"><i class=\"fab fa-cc-mastercard super-icon\"><\/i><div class=\"super-fileupload-button\"><i class=\"fas fa-plus\"><\/i><span class=\"super-fileupload-button-text\">Bankkarte IBAN Seite<\/span><\/div><input tabindex=\"-1\" class=\"super-shortcode-field super-fileupload\" type=\"file\" name=\"files[]\"  data-file-size=\"40\" data-upload-limit=\"40\" data-accept-file-types=\"jpg|jpeg|png|gif|pdf|JPG|JPEG|PNG|GIF|PDF\" \/><input class=\"super-active-files\" type=\"hidden\" value=\"\" name=\"Bankkarte\" data-oname=\"Bankkarte\" data-message=\"Das haben Sie vergessen.\" data-email=\"Bankkarte\" data-exclude=\"0\" data-absolute-default=\"\" data-minfiles=\"1\" \/><div class=\"super-progress-bar\"><\/div><div class=\"super-fileupload-files\"><\/div><\/div><div class=\"super-error-msg\">Das haben Sie vergessen.<\/div><div class=\"super-empty-error-msg\">Das haben Sie vergessen.<\/div><\/div><\/div><\/div><div data-sfuid=\"8LTEiIPZ-33\" class=\"super-shortcode super-field super-signature  super-icon-outside super-icon-left  super-ungrouped  \"><div style=\"width:px;\" class=\"super-field-wrapper \"><i class=\"fas fa-signature super-icon\"><\/i><div class=\"super-signature-canvas\" style=\"height:100px;background-image:url('https:\/\/schufaprofi.de\/Bestellformular\/wp-content\/plugins\/super-forms\/add-ons\/super-forms-signature\/assets\/images\/sign-here.png');background-size:150px;\"><\/div><span class=\"super-signature-clear\"><\/span><textarea style=\"display:none;\" class=\"super-shortcode-field\" name=\"Unterschrift\" data-thickness=\"1\" data-color=\"#000000\" data-oname=\"Unterschrift\" data-message=\"Die Unterschrift fehlt\" data-email=\"Signature:\" data-exclude=\"2\" data-absolute-default=\"\" \/><\/textarea><textarea style=\"display:none;\" class=\"super-signature-lines\"><\/textarea><\/div><div class=\"super-error-msg\">Die Unterschrift fehlt<\/div><div class=\"super-empty-error-msg\">Die Unterschrift fehlt<\/div><\/div><div data-sfuid=\"cFID9cSw-34\" style=\"height:50px;\" class=\"super-shortcode super-field super-spacer   super-ungrouped  \"><\/div><div data-sfuid=\"O2daB0JU-35\" class=\"super-shortcode super-field super-radio super-has-only-desc  super-icon-outside super-icon-left  super-ungrouped   display-vertical\"><div class=\"super-description\">Kunden die dieses Angebot 2x haben m\u00f6chten, m\u00fcssen das Formular nicht erneut ausf\u00fcllen.<\/div><div class=\"super-field-wrapper \"><i class=\"fas fa-gift super-icon\"><\/i><div class=\"super-items-list\"><label class=\"super-item\" ><span class=\"super-before\"><span class=\"super-after\"><\/span><\/span><input type=\"radio\" value=\"1x\" \/><div><b>Nein, ich m\u00f6chte 1x dieses Angebot<\/div><\/label><label class=\"super-item\" ><span class=\"super-before\"><span class=\"super-after\"><\/span><\/span><input type=\"radio\" value=\"2x\" \/><div><b>Ja, ich m\u00f6chte 2x dieses Angebot<\/div><\/label><\/div><input class=\"super-shortcode-field\" type=\"hidden\" name=\"menge\" value=\"\" data-oname=\"menge\" data-email=\"Sie k\u00f6nnen dieses Angebot bis zu 2x Bestellen\" data-exclude=\"0\" data-absolute-default=\"1x\" data-default-value=\"\" data-admin-email-value=\"both\" data-confirm-email-value=\"both\" data-contact-entry-value=\"both\" \/><\/div><div class=\"super-error-msg\">Pflichtfeld!<\/div><div class=\"super-empty-error-msg\">Pflichtfeld!<\/div><\/div><div data-sfuid=\"c3tZNiBa-36\" class=\"super-shortcode super-field super-heading   super-ungrouped  \"><div class=\"super-heading-title\"><h6><small>   <strong>So einfach funktioniert unser Smartphone-Tarif \u2013 transparent und kundenfreundlich:<\/strong><br>   <strong>Damit Sie genau wissen, was Sie erwartet, hier eine kurze Erl\u00e4uterung:<\/strong><br>   Als registrierter Bestandskunde profitieren Sie von einem vereinfachten Bestellprozess.<br>   Ihre SIM-Karte erhalten Sie vorab als eigenst\u00e4ndige Lieferung \u2013 schnell und unkompliziert.<br>   Nach der erfolgreichen Aktivierung und Zahlung der ersten Monatsgeb\u00fchr (14,99 \u20ac)<br>   k\u00f6nnen Sie ab dem zweiten Monat Ihr Wunsch-Smartphone ganz einfach<br>   \u00fcber unsere Hotline zu Ihrem Tarif hinzuf\u00fcgen.<br>   So bleiben Sie flexibel \u2013 und behalten jederzeit die volle Kontrolle. <\/small><\/h6><\/div><\/div><div data-sfuid=\"YjHAKGwU-37\" class=\"super-shortcode super-field super-heading   super-ungrouped  \"><div class=\"super-heading-title\"><h3><strong>Vertragsbedingungen<\/strong><\/h3><\/div><div class=\"super-heading-description\" ><div>Achtung Pflichtfeld!<\/div><\/div><\/div><div data-sfuid=\"EoFIf85X-38\" class=\"super-shortcode super-field super-radio   super-ungrouped   display-vertical\"><div class=\"super-field-wrapper \"><div class=\"super-items-list\"><label class=\"super-item\" ><span class=\"super-before\"><span class=\"super-after\"><\/span><\/span><input type=\"radio\" value=\"JA\" \/><div>Ich akzeptiere die <b>AGB<\/b> habe die <b>Datenschutzerkl\u00e4rung<\/b>, sowie die <b>Widerrufsbelehrung<\/b> zur Kenntnis genommen.<\/div><\/label><\/div><input class=\"super-shortcode-field\" type=\"hidden\" name=\"AGBs\" value=\"\" data-oname=\"AGBs\" data-message=\"Sie haben die AGBs vergessen.\" data-validation=\"empty\" data-email=\"AGBs...:\" data-exclude=\"0\" data-absolute-default=\"\" data-default-value=\"\" data-admin-email-value=\"both\" data-confirm-email-value=\"both\" data-contact-entry-value=\"both\" \/><\/div><div class=\"super-error-msg\">Sie haben die AGBs vergessen.<\/div><div class=\"super-empty-error-msg\">Sie haben die AGBs vergessen.<\/div><\/div><\/div><div data-color=\"#06aed5\" data-light=\"#1ac2e9\" data-dark=\"#0090b7\" data-hover-color=\"#086788\" data-hover-light=\"#1c7b9c\" data-hover-dark=\"#00496a\" data-font=\"#ffffff\" data-font-hover=\"#ffffff\" data-radius=\"rounded\" data-type=\"flat\" class=\"super-extra-shortcode super-shortcode super-field super-button super-clear-none super-form-button super-radius-rounded super-type-flat super-button-large super-button-align-left super-button-width-auto super-button-icon-option-left super-button-icon-visibility-visible\"><div data-href=\"\" class=\"super-button-wrap no_link\"><span class=\"super-before\"><i class=\"fas fa-check\"><\/i><\/span><div class=\"super-button-name\" data-action=\"submit\" data-normal=\"Jetzt Bestellung abschlie\u00dfen\" data-loading=\"L\u00e4dt...\">Jetzt Bestellung abschlie\u00dfen<\/div><span class=\"super-after\"><\/span><\/div><\/div><\/form><\/div>\n<div style=\"font-size: 10px; color: #333; text-align: center;\"><a style=\"color: #333; text-decoration: none;\" href=\"https:\/\/schufaprofi.de\/AGB.html\">AGB<\/a> |\u00a0<a style=\"color: #333; text-decoration: none;\" href=\"https:\/\/schufaprofi.de\/impressum.html\">Impressum<\/a> |<a style=\"color: #333; text-decoration: none;\" href=\"https:\/\/schufaprofi.de\/datenschutz.html\">Datenschutzerkl\u00e4rung<\/a> |<a style=\"color: #333; text-decoration: none;\" href=\"https:\/\/schufaprofi.de\/tkontakt\/widerrufsrecht.html\"> Widerrufsrecht<\/a><\/div>\n\n\n<p><\/p>\n","protected":false},"excerpt":{"rendered":"<p>AGB |\u00a0Impressum |Datenschutzerkl\u00e4rung | Widerrufsrecht<\/p>\n","protected":false},"author":1,"featured_media":0,"parent":0,"menu_order":0,"comment_status":"closed","ping_status":"closed","template":"","meta":{"_seopress_robots_primary_cat":"","_seopress_titles_title":"","_seopress_titles_desc":"","_seopress_robots_index":"","footnotes":""},"class_list":["post-3624","page","type-page","status-publish","hentry"],"_links":{"self":[{"href":"https:\/\/schufaprofi.de\/Bestellformular\/wp-json\/wp\/v2\/pages\/3624","targetHints":{"allow":["GET"]}}],"collection":[{"href":"https:\/\/schufaprofi.de\/Bestellformular\/wp-json\/wp\/v2\/pages"}],"about":[{"href":"https:\/\/schufaprofi.de\/Bestellformular\/wp-json\/wp\/v2\/types\/page"}],"author":[{"embeddable":true,"href":"https:\/\/schufaprofi.de\/Bestellformular\/wp-json\/wp\/v2\/users\/1"}],"replies":[{"embeddable":true,"href":"https:\/\/schufaprofi.de\/Bestellformular\/wp-json\/wp\/v2\/comments?post=3624"}],"version-history":[{"count":9,"href":"https:\/\/schufaprofi.de\/Bestellformular\/wp-json\/wp\/v2\/pages\/3624\/revisions"}],"predecessor-version":[{"id":23031,"href":"https:\/\/schufaprofi.de\/Bestellformular\/wp-json\/wp\/v2\/pages\/3624\/revisions\/23031"}],"wp:attachment":[{"href":"https:\/\/schufaprofi.de\/Bestellformular\/wp-json\/wp\/v2\/media?parent=3624"}],"curies":[{"name":"wp","href":"https:\/\/api.w.org\/{rel}","templated":true}]}}